{"id":3574,"date":"2019-12-17T15:37:36","date_gmt":"2019-12-17T15:37:36","guid":{"rendered":"https:\/\/silvakarbuni.com\/location\/"},"modified":"2021-03-22T17:50:34","modified_gmt":"2021-03-22T16:50:34","slug":"lokacija","status":"publish","type":"page","link":"https:\/\/silvakarbuni.com\/hr\/lokacija\/","title":{"rendered":"Lokacija"},"content":{"rendered":"\n<div class=\"wp-block-cover alignfull has-parallax is-style-default header-image\" style=\"background-image:url(https:\/\/silvakarbuni.com\/wp-content\/uploads\/2020\/01\/korcula-karbuni-apartments-silva-from-air-04.jpg)\"><div class=\"wp-block-cover__inner-container is-layout-flow wp-block-cover-is-layout-flow\">\n<p class=\"has-text-align-center has-large-font-size\"><\/p>\n<\/div><\/div>\n\n\n\n<h1 class=\"has-text-align-center wp-block-heading\">Apartmani Silva Lokacija &#8211; Karbuni Plan Puta<\/h1>\n\n\n\n<div class=\"wp-block-qubely-row qubely-section qubely-block-fecd42\"><div class=\"qubely-row-overlay\"><\/div><div class=\"qubely-container\"><div class=\"qubely-row \">\n<div class=\"wp-block-qubely-column qubely-column qubely-column-front qubely-block-c3834d\" data-qubelyanimation=\"{&quot;animation&quot;:&quot;fade&quot;,&quot;name&quot;:&quot;fadeCenter&quot;,&quot;repeat&quot;:&quot;once&quot;,&quot;direction&quot;:&quot;Center&quot;,&quot;duration&quot;:&quot;880&quot;,&quot;delay&quot;:0,&quot;curve&quot;:&quot;ease-in-out&quot;,&quot;openAnimation&quot;:1}\"><div class=\"qubely-column-inner\">\n<div class=\"wp-block-image mb-0\"><figure class=\"aligncenter size-large\"><img loading=\"lazy\" decoding=\"async\" width=\"128\" height=\"128\" src=\"https:\/\/silvakarbuni.com\/wp-content\/uploads\/2020\/01\/83926_transport_512x512.png\" alt=\"\" class=\"wp-image-3236\" srcset=\"https:\/\/silvakarbuni.com\/wp-content\/uploads\/2020\/01\/83926_transport_512x512.png 128w, https:\/\/silvakarbuni.com\/wp-content\/uploads\/2020\/01\/83926_transport_512x512-75x75.png 75w\" sizes=\"auto, (max-width: 128px) 100vw, 128px\" \/><\/figure><\/div>\n<\/div><\/div>\n\n\n\n<div class=\"wp-block-qubely-column qubely-column qubely-column-front qubely-block-74f179\"><div class=\"qubely-column-inner\">\n<p>Za do\u0107i na otok Kor\u010dulu i apartmana Silva postoje trajekti iz smjerova Split &#8211; Vela Luka i Orebi\u0107 &#8211; Kor\u010dula s kombinacijom trajekata Plo\u010de &#8211; Trpanj. Put iz Splita do Vele Luke traje 3 sata, iz Plo\u010da za Trpanj 1 sat i iz Orebi\u0107a do Kor\u010dule petnaest minuta. Za izbje\u0107i gu\u017evu, savjetujemo da budete u redu ispred trajekta minimalno dva sata prije polaska trajekta. <\/p>\n<\/div><\/div>\n<\/div><\/div><\/div>\n\n\n\n<div class=\"wp-block-qubely-row qubely-section qubely-block-300968\" id=\"infoblock\" data-qubelyanimation=\"{&quot;animation&quot;:&quot;slide&quot;,&quot;name&quot;:&quot;slideRight&quot;,&quot;repeat&quot;:&quot;once&quot;,&quot;direction&quot;:&quot;Right&quot;,&quot;duration&quot;:1000,&quot;delay&quot;:0,&quot;curve&quot;:&quot;ease-in-out&quot;,&quot;openAnimation&quot;:1}\"><div class=\"qubely-row-overlay\"><\/div><div class=\"qubely-container\"><div class=\"qubely-row \">\n<div class=\"wp-block-qubely-column qubely-column qubely-column-front qubely-block-d669d3\"><div class=\"qubely-column-inner\">\n<div class=\"wp-block-image infoblock mb-0 mt-0\"><figure class=\"aligncenter size-thumbnail\"><img loading=\"lazy\" decoding=\"async\" width=\"150\" height=\"150\" src=\"https:\/\/silvakarbuni.com\/wp-content\/uploads\/2020\/01\/829859_info_512x512-1-150x150.png\" alt=\"\" class=\"wp-image-3395\" srcset=\"https:\/\/silvakarbuni.com\/wp-content\/uploads\/2020\/01\/829859_info_512x512-1-150x150.png 150w, https:\/\/silvakarbuni.com\/wp-content\/uploads\/2020\/01\/829859_info_512x512-1-75x75.png 75w, https:\/\/silvakarbuni.com\/wp-content\/uploads\/2020\/01\/829859_info_512x512-1.png 256w\" sizes=\"auto, (max-width: 150px) 100vw, 150px\" \/><\/figure><\/div>\n<\/div><\/div>\n\n\n\n<div class=\"wp-block-qubely-column qubely-column qubely-column-front qubely-block-98c030\"><div class=\"qubely-column-inner\">\n<p>Ispod se nalazi interaktivna karta i formular u koji mo\u017eete unijeti va\u0161u lokaciju i dobiti kompletan plan puta. <\/p>\n<\/div><\/div>\n<\/div><\/div><\/div>\n\n\n\n<div style=\"height:30px\" aria-hidden=\"true\" class=\"wp-block-spacer\"><\/div>\n\n\n","protected":false},"excerpt":{"rendered":"<p>Apartmani Silva Lokacija &#8211; Karbuni Plan Puta<\/p>\n","protected":false},"author":1,"featured_media":0,"parent":0,"menu_order":14,"comment_status":"closed","ping_status":"closed","template":"","meta":{"qubely_global_settings":"","qubely_interactions":"","_coblocks_attr":"","_coblocks_dimensions":"","_coblocks_responsive_height":"","_coblocks_accordion_ie_support":"","_genesis_hide_title":false,"_genesis_hide_breadcrumbs":false,"_genesis_hide_singular_image":false,"_genesis_hide_footer_widgets":false,"_genesis_custom_body_class":"","_genesis_custom_post_class":"","_genesis_layout":"","footnotes":""},"class_list":{"0":"post-3574","1":"page","2":"type-page","3":"status-publish","5":"entry","6":"has-post-thumbnail"},"_links":{"self":[{"href":"https:\/\/silvakarbuni.com\/hr\/wp-json\/wp\/v2\/pages\/3574","targetHints":{"allow":["GET"]}}],"collection":[{"href":"https:\/\/silvakarbuni.com\/hr\/wp-json\/wp\/v2\/pages"}],"about":[{"href":"https:\/\/silvakarbuni.com\/hr\/wp-json\/wp\/v2\/types\/page"}],"author":[{"embeddable":true,"href":"https:\/\/silvakarbuni.com\/hr\/wp-json\/wp\/v2\/users\/1"}],"replies":[{"embeddable":true,"href":"https:\/\/silvakarbuni.com\/hr\/wp-json\/wp\/v2\/comments?post=3574"}],"version-history":[{"count":0,"href":"https:\/\/silvakarbuni.com\/hr\/wp-json\/wp\/v2\/pages\/3574\/revisions"}],"wp:attachment":[{"href":"https:\/\/silvakarbuni.com\/hr\/wp-json\/wp\/v2\/media?parent=3574"}],"curies":[{"name":"wp","href":"https:\/\/api.w.org\/{rel}","templated":true}]}}