{"id":3633,"date":"2019-12-16T15:43:10","date_gmt":"2019-12-16T15:43:10","guid":{"rendered":"https:\/\/silvakarbuni.com\/homepage\/"},"modified":"2021-03-16T12:53:30","modified_gmt":"2021-03-16T11:53:30","slug":"homepage","status":"publish","type":"page","link":"https:\/\/silvakarbuni.com\/hr\/","title":{"rendered":"Naslovna"},"content":{"rendered":"\n\n\n\n<h1 class=\"has-text-align-center wp-block-heading\"> Dobro do\u0161li u apartmane Silva u uvali Karbuni na otoku Kor\u010duli!<\/h1>\n\n\n\n<div class=\"wp-block-qubely-row alignwide qubely-section qubely-block-2d9298\"><div class=\"qubely-row-overlay\"><\/div><div class=\"qubely-container-fluid\"><div class=\"qubely-row \">\n<div class=\"wp-block-qubely-column qubely-column qubely-column-front qubely-block-0b6ce6\" data-qubelyanimation=\"{&quot;animation&quot;:&quot;slide&quot;,&quot;name&quot;:&quot;slideRight&quot;,&quot;repeat&quot;:&quot;once&quot;,&quot;direction&quot;:&quot;Right&quot;,&quot;duration&quot;:&quot;800&quot;,&quot;delay&quot;:0,&quot;curve&quot;:&quot;ease-in-out&quot;,&quot;openAnimation&quot;:1}\"><div class=\"qubely-column-inner\">\n<div class=\"wp-block-qubely-row qubely-section qubely-block-0e5074\"><div class=\"qubely-row-overlay\"><\/div><div class=\"qubely-container-fluid\"><div class=\"qubely-row \">\n<div class=\"wp-block-qubely-column qubely-column qubely-column-front qubely-block-0b2b44\"><div class=\"qubely-column-inner\">\n<div class=\"wp-block-qubely-image qubely-block-9493ed\"><div class=\"qubely-block-image  qubely-image-layout-simple\"><div class=\"qubely-image-media qubely-vertical-alignment-center qubely-horizontal-alignment-center\"><figure><div class=\"qubely-image-container\"><img decoding=\"async\" class=\"qubely-image-image\" src=\"https:\/\/silvakarbuni.com\/wp-content\/uploads\/2020\/01\/silva-apartment3-terrace-10-crop.jpg\" alt=\"Pogled na more s balkona apartmana Silva Karbuni otok Kor\u010dula\"\/><\/div><\/figure><\/div><\/div><\/div>\n<\/div><\/div>\n\n\n\n<div class=\"wp-block-qubely-column qubely-column qubely-column-front qubely-block-170c1a\"><div class=\"qubely-column-inner\">\n<div class=\"wp-block-qubely-image qubely-block-ec4774\"><div class=\"qubely-block-image  qubely-image-layout-simple\"><div class=\"qubely-image-media qubely-vertical-alignment-center qubely-horizontal-alignment-center\"><figure><div class=\"qubely-image-container\"><img decoding=\"async\" class=\"qubely-image-image\" src=\"https:\/\/silvakarbuni.com\/wp-content\/uploads\/2020\/01\/silva-apartment3-dining-area-02-crop.jpg\" alt=\"Moderno opremljen apartman 3 Silva Karbuni\"\/><\/div><\/figure><\/div><\/div><\/div>\n<\/div><\/div>\n<\/div><\/div><\/div>\n<\/div><\/div>\n\n\n\n<div class=\"wp-block-qubely-column qubely-column qubely-column-front qubely-block-f0d127\" data-qubelyanimation=\"{&quot;animation&quot;:&quot;slide&quot;,&quot;name&quot;:&quot;slideLeft&quot;,&quot;repeat&quot;:&quot;once&quot;,&quot;direction&quot;:&quot;Left&quot;,&quot;duration&quot;:&quot;800&quot;,&quot;delay&quot;:0,&quot;curve&quot;:&quot;ease-in-out&quot;,&quot;openAnimation&quot;:1}\"><div class=\"qubely-column-inner\">\n<div class=\"wp-block-group\"><div class=\"wp-block-group__inner-container is-layout-flow wp-block-group-is-layout-flow\">\n<p class=\"has-text-align-center\">UDOBAN SMJE\u0160TAJ<\/p>\n\n\n\n<p class=\"has-text-align-center back-title\">Uz more<\/p>\n\n\n\n<h2 class=\"has-text-align-center wp-block-heading\">Istinski do\u017eivljaj Jadranskog mora<\/h2>\n<\/div><\/div>\n\n\n\n<p>Bilo da putujete u krugu obitelji ili prijatelja, apartmani Silva Karbuni pravi su izbor za u\u017eivanje uz more. S tri apartmana s terasom s pogledom na more, prostranom pla\u017eom, osiguranim parkingom i vezom za \u010damac, ku\u0107a je potpuno opremljena za izvrstan odmor na otoku Kor\u010duli.<\/p>\n\n\n\n<div class=\"wp-block-qubely-button qubely-block-ae19b6\"><div class=\"qubely-block-btn-wrapper \"><div class=\"qubely-block-btn\"><a class=\"qubely-block-btn-anchor is-large\" href=\"https:\/\/silvakarbuni.com\/korcula-apartments-house\/\">O KU\u0106I<\/a><\/div><\/div><\/div>\n<\/div><\/div>\n<\/div><\/div><\/div>\n\n\n\n<div class=\"wp-block-qubely-row alignfull qubely-section qubely-block-fe05dd qubely-section-parallax\"><div class=\"qubely-row-overlay\"><\/div><div class=\"qubely-container\"><div class=\"qubely-row \">\n<div class=\"wp-block-qubely-column qubely-column qubely-column-front qubely-block-0a2b27\"><div class=\"qubely-column-inner\">\n<div class=\"wp-block-qubely-row qubely-section qubely-block-24d75b\" data-qubelyanimation=\"{&quot;animation&quot;:&quot;flip&quot;,&quot;name&quot;:&quot;flipUp&quot;,&quot;repeat&quot;:&quot;once&quot;,&quot;direction&quot;:&quot;Up&quot;,&quot;duration&quot;:1000,&quot;delay&quot;:0,&quot;curve&quot;:&quot;ease-in-out&quot;,&quot;openAnimation&quot;:1}\"><div class=\"qubely-row-overlay\"><\/div><div class=\"qubely-container-fluid\"><div class=\"qubely-row \">\n<div class=\"wp-block-qubely-column qubely-column qubely-column-front qubely-block-61a0c0 outline-heading\"><div class=\"qubely-column-inner\">\n<div class=\"wp-block-qubely-heading aligncenter qubely-block-32e01b\"><div class=\"qubely-block-heading  \"><div class=\"qubely-heading-container\"><h2 class=\"qubely-heading-selector\"> Bistro plavo more odmah ispod ku\u0107e<\/h2><\/div><\/div><\/div>\n<\/div><\/div>\n<\/div><\/div><\/div>\n<\/div><\/div>\n<\/div><\/div><\/div>\n\n\n\n<div class=\"wp-block-qubely-row alignwide qubely-section qubely-block-f5c658\"><div class=\"qubely-row-overlay\"><\/div><div class=\"qubely-container-fluid\"><div class=\"qubely-row \">\n<div class=\"wp-block-qubely-column qubely-column qubely-column-front qubely-block-d72d43\"><div class=\"qubely-column-inner\">\n<div class=\"wp-block-group\"><div class=\"wp-block-group__inner-container is-layout-flow wp-block-group-is-layout-flow\">\n<p class=\"has-text-align-center\">NEZABORAVNA ISKUSTVA<\/p>\n\n\n\n<p class=\"has-text-align-center back-title\">Do\u017eivite!<\/p>\n\n\n\n<h2 class=\"has-text-align-center wp-block-heading\"> Dugogodi\u0161nja tradicija<\/h2>\n<\/div><\/div>\n<\/div><\/div>\n\n\n\n<div class=\"wp-block-qubely-column qubely-column qubely-column-front qubely-block-df5afe\" data-qubelyanimation=\"{&quot;animation&quot;:&quot;bounce&quot;,&quot;name&quot;:&quot;bounceCenter&quot;,&quot;repeat&quot;:&quot;once&quot;,&quot;direction&quot;:&quot;Center&quot;,&quot;duration&quot;:1000,&quot;delay&quot;:0,&quot;curve&quot;:&quot;ease-in-out&quot;,&quot;openAnimation&quot;:1}\"><div class=\"qubely-column-inner\">\n<div class=\"youtube-player\" data-id=\"lsIFCf2_seU\"><\/div>\n<\/div><\/div>\n<\/div><\/div><\/div>\n\n\n\n<div class=\"wp-block-qubely-row alignfull qubely-section qubely-block-d3fcde\"><div class=\"qubely-row-overlay\"><\/div><div class=\"qubely-container\"><div class=\"qubely-row \">\n<div class=\"wp-block-qubely-column qubely-column qubely-column-front qubely-block-27716a\"><div class=\"qubely-column-inner\">\n<div class=\"wp-block-group\"><div class=\"wp-block-group__inner-container is-layout-flow wp-block-group-is-layout-flow\">\n<\/div><\/div>\n<\/div><\/div>\n<\/div><\/div><\/div>\n\n\n\n<div class=\"wp-block-qubely-wrapper alignfull qubely-block-19a6a1\"><div class=\"qubely-block-wrapper-block \">\n<div class=\"wp-block-qubely-heading qubely-block-cc9215\" data-qubelyanimation=\"{&quot;animation&quot;:&quot;fade&quot;,&quot;name&quot;:&quot;fadeCenter&quot;,&quot;repeat&quot;:&quot;once&quot;,&quot;direction&quot;:&quot;Center&quot;,&quot;duration&quot;:&quot;800&quot;,&quot;delay&quot;:0,&quot;curve&quot;:&quot;ease-in-out&quot;,&quot;openAnimation&quot;:1}\"><div class=\"qubely-block-heading  \"><div class=\"qubely-heading-container\"><h2 class=\"qubely-heading-selector\">Karbuni<\/h2><\/div><\/div><\/div>\n\n\n\n<div class=\"wp-block-qubely-button qubely-block-a15e5d\" data-qubelyanimation=\"{&quot;animation&quot;:&quot;fade&quot;,&quot;name&quot;:&quot;fadeCenter&quot;,&quot;repeat&quot;:&quot;once&quot;,&quot;direction&quot;:&quot;Center&quot;,&quot;duration&quot;:&quot;800&quot;,&quot;delay&quot;:&quot;300&quot;,&quot;curve&quot;:&quot;ease-in-out&quot;,&quot;openAnimation&quot;:1}\"><div class=\"qubely-block-btn-wrapper \"><div class=\"qubely-block-btn\"><a class=\"qubely-block-btn-anchor is-small\" href=\"https:\/\/silvakarbuni.com\/hr\/karbuni-na-korculi\/\"><i class=\"qubely-btn-icon fas fa-swimmer\"><\/i>Istra\u017eite!<\/a><\/div><\/div><\/div>\n<\/div><\/div>\n\n\n\n<div style=\"height:30px\" aria-hidden=\"true\" class=\"wp-block-spacer\"><\/div>\n\n\n\n<h2 class=\"has-text-align-center wp-block-heading\">Iz na\u0161eg bloga<\/h2>\n\n\n<div class=\"wp-block-qubely-postgrid qubely-block-d3d7a2 alignwide\"><div class=\"qubely-postgrid-wrapper  qubely-postgrid-layout-2 qubely-postgrid-column qubely-postgrid-column-md3 qubely-postgrid-column-sm2 qubely-postgrid-column-xs1\" ><div class=\"qubely-postgrid qubely-post-grid-view qubely-postgrid-style-1\"><div class=\"qubely-post-grid-wrapper qubely-post-grid-center\"><div class=\"qubely-post-grid-img qubely-post-img qubely-post-img-zoom-out\"><a href=\"https:\/\/silvakarbuni.com\/hr\/karbuni-na-korculi\/\"><img decoding=\"async\" class=\"qubely-post-image\" src=\"https:\/\/silvakarbuni.com\/wp-content\/uploads\/2020\/01\/silva-karbuni-korcula-dron-01-1024x683.jpg\" alt=\"Karbuni na Kor\u010duli\"\/><\/a><\/div><div class=\"qubely-post-grid-content\"><h2 class=\"qubely-postgrid-title\"><a href=\"https:\/\/silvakarbuni.com\/hr\/karbuni-na-korculi\/\">Karbuni na Kor\u010duli<\/a><\/h2><div class=\"qubely-postgrid-intro\">Karbuni je uvala na otoku Kor\u010duli koja se nalazi na njegovom sredi\u0161njem dijelu, ju\u017eno i jugoisto\u010dno <\/div><div class=\"qubely-postgrid-btn-wrapper\"><a class=\"qubely-postgrid-btn qubely-button-fill is-small\" href=\"https:\/\/silvakarbuni.com\/hr\/karbuni-na-korculi\/\">Vi\u0161e<\/a><\/div><\/div><\/div><\/div><div class=\"qubely-postgrid qubely-post-grid-view qubely-postgrid-style-1\"><div class=\"qubely-post-grid-wrapper qubely-post-grid-center\"><div class=\"qubely-post-grid-img qubely-post-img qubely-post-img-zoom-out\"><a href=\"https:\/\/silvakarbuni.com\/hr\/zanimljiva-mjesta-na-otoku-korculi\/\"><img decoding=\"async\" class=\"qubely-post-image\" src=\"https:\/\/silvakarbuni.com\/wp-content\/uploads\/2020\/01\/apartments-silva-places-to-visit-blato-panorama-1024x678.jpg\" alt=\"Zanimljiva mjesta na otoku Kor\u010duli\"\/><\/a><\/div><div class=\"qubely-post-grid-content\"><h2 class=\"qubely-postgrid-title\"><a href=\"https:\/\/silvakarbuni.com\/hr\/zanimljiva-mjesta-na-otoku-korculi\/\">Zanimljiva mjesta na otoku Kor\u010duli<\/a><\/h2><div class=\"qubely-postgrid-intro\">Karbuni su cestovno povezani s glavnim prometnicama koje vode do svih dijelova otoka Kor\u010dule. Ako odlu\u010dite istra\u017eiti <\/div><div class=\"qubely-postgrid-btn-wrapper\"><a class=\"qubely-postgrid-btn qubely-button-fill is-small\" href=\"https:\/\/silvakarbuni.com\/hr\/zanimljiva-mjesta-na-otoku-korculi\/\">Vi\u0161e<\/a><\/div><\/div><\/div><\/div><\/div><div class=\"qubely-postgrid-pagination\"><\/div><\/div>\n\n\n<div style=\"height:30px\" aria-hidden=\"true\" class=\"wp-block-spacer\"><\/div>\n\n\n\n<div class=\"wp-block-qubely-row alignfull qubely-section qubely-block-39f1a9\"><div class=\"qubely-shape-divider qubely-bottom-shape\"><svg xmlns=\"http:\/\/www.w3.org\/2000\/svg\" viewBox=\"0 0 1000 84.94\" preserveAspectRatio=\"none\">\n    <path d=\"M0,0V72.94c14.46,5.89,32.38,10.5,54.52.26,110.25-51,120.51,23.71,192.6-4.3,144.73-56.23,154.37,49.44,246.71,4.64C637,4.05,622.19,124.16,757.29,66.21c93-39.91,108.38,54.92,242.71-8.25V0Z\" style=\"fill-rule:evenodd;opacity:0.33\"\/>\n    <path d=\"M0,0V52.83c131.11,59.9,147-32.91,239.24,6.65,135.09,58,120.24-62.16,263.46,7.34,92.33,44.8,102-60.88,246.71-4.64,72.1,28,82.35-46.71,192.6,4.3,23.95,11.08,43,4.78,58-1.72V0Z\" style=\"fill-rule:evenodd;opacity:0.66\"\/>\n    <path d=\"M0,0V24.26c15.6,6.95,35.77,15.41,61.78,3.38,110.25-51,120.51,23.71,192.6-4.3C399.11-32.89,408.75,72.79,501.08,28,644.3-41.51,629.45,78.6,764.54,20.65,855.87-18.53,872.34,72.12,1000,15.7V0Z\" style=\"fill-rule:evenodd\"\/>\n<\/svg><\/div><div class=\"qubely-row-overlay\"><\/div><div class=\"qubely-container\"><div class=\"qubely-row \">\n<div class=\"wp-block-qubely-column qubely-column qubely-column-front qubely-block-328df8\"><div class=\"qubely-column-inner\"><div class=\"wpbs_s-search-widget\" data-calendars=\"all\" data-language=\"hr\" data-title=\"yes\" data-mark_selection=\"yes\" ><div class=\"wpbs_s-search-widget-form-wrap\"><h2>Pretraga raspolo\u017eivosti<\/h2>\r\n\r\n<form action=\"#\" class=\"wpbs_s-search-widget-form\" autocomplete=\"off\">\r\n\r\n    <div class=\"wpbs_s-search-widget-field\">\r\n        <label for=\"wpbs_s-search-widget-datepicker-start-date\">Dolazak<\/label>\r\n        <input type=\"text\" value=\"\" id=\"wpbs_s-search-widget-datepicker-start-date\" class=\"wpbs_s-search-widget-datepicker wpbs_s-search-widget-datepicker-start-date\" name=\"start-date\" \/>\r\n    <\/div>\r\n\r\n    <div class=\"wpbs_s-search-widget-field\">\r\n        <label for=\"wpbs_s-search-widget-datepicker-end-date\">Odlazak<\/label>\r\n        <input type=\"text\" value=\"\" id=\"wpbs_s-search-widget-datepicker-end-date\" class=\"wpbs_s-search-widget-datepicker wpbs_s-search-widget-datepicker-end-date\" name=\"end-date\" \/>\r\n    <\/div>\r\n\r\n    <div class=\"wpbs_s-search-widget-field wpbs_s-search-widget-field-submit\">\r\n        <button class=\"wpbs_s-search-widget-datepicker-submit\">Pretra\u017eivanje<\/button>\r\n    <\/div>\r\n\r\n<\/form>\r\n<\/div><div class=\"wpbs_s-search-widget-results-wrap\"><\/div><style>.wpbs_s-search-widget .wpbs_s-search-widget-form .wpbs_s-search-widget-field button.wpbs_s-search-widget-datepicker-submit, .wpbs_s-search-widget .wpbs_s-search-widget-form .wpbs_s-search-widget-field input[type=\"submit\"], .wpbs_s-search-widget .wpbs_s-search-widget-results-wrap .wpbs_s-search-widget-result .wpbs_s-search-widget-result-button {background-color: #aaaaaa !important; color: #ffffff !important; }.wpbs_s-search-widget .wpbs_s-search-widget-form .wpbs_s-search-widget-field button.wpbs_s-search-widget-datepicker-submit:hover, .wpbs_s-search-widget .wpbs_s-search-widget-form .wpbs_s-search-widget-field input[type=\"submit\"]:hover , .wpbs_s-search-widget .wpbs_s-search-widget-results-wrap .wpbs_s-search-widget-result .wpbs_s-search-widget-result-button:hover {background-color: #7f7f7f !important;  color: #ffffff !important; }.ui-datepicker.wpbs-datepicker td.ui-datepicker-current-day {background-color: #aaaaaa !important; }.ui-datepicker.wpbs-datepicker td.ui-datepicker-current-day a { color: #ffffff !important; }.ui-datepicker.wpbs-datepicker td .ui-state-default.ui-state-hover {background-color: #7f7f7f !important;  color: #ffffff !important; }<\/style><div class=\"wpbs-search-container-loaded\" data-just-loaded=\"1\"><\/div><\/div><\/div><\/div>\n<\/div><\/div><\/div>\n","protected":false},"excerpt":{"rendered":"<p>Dobro do\u0161li u apartmane Silva u uvali Karbuni na otoku Kor\u010duli! Iz na\u0161eg bloga<\/p>\n","protected":false},"author":1,"featured_media":0,"parent":0,"menu_order":2,"comment_status":"closed","ping_status":"closed","template":"","meta":{"qubely_global_settings":"","qubely_interactions":"","_coblocks_attr":"","_coblocks_dimensions":"","_coblocks_responsive_height":"","_coblocks_accordion_ie_support":"","_genesis_hide_title":true,"_genesis_hide_breadcrumbs":true,"_genesis_hide_singular_image":true,"_genesis_hide_footer_widgets":false,"_genesis_custom_body_class":"","_genesis_custom_post_class":"","_genesis_layout":"full-width-content","footnotes":""},"class_list":{"0":"post-3633","1":"page","2":"type-page","3":"status-publish","5":"entry","6":"has-post-thumbnail"},"_links":{"self":[{"href":"https:\/\/silvakarbuni.com\/hr\/wp-json\/wp\/v2\/pages\/3633","targetHints":{"allow":["GET"]}}],"collection":[{"href":"https:\/\/silvakarbuni.com\/hr\/wp-json\/wp\/v2\/pages"}],"about":[{"href":"https:\/\/silvakarbuni.com\/hr\/wp-json\/wp\/v2\/types\/page"}],"author":[{"embeddable":true,"href":"https:\/\/silvakarbuni.com\/hr\/wp-json\/wp\/v2\/users\/1"}],"replies":[{"embeddable":true,"href":"https:\/\/silvakarbuni.com\/hr\/wp-json\/wp\/v2\/comments?post=3633"}],"version-history":[{"count":0,"href":"https:\/\/silvakarbuni.com\/hr\/wp-json\/wp\/v2\/pages\/3633\/revisions"}],"wp:attachment":[{"href":"https:\/\/silvakarbuni.com\/hr\/wp-json\/wp\/v2\/media?parent=3633"}],"curies":[{"name":"wp","href":"https:\/\/api.w.org\/{rel}","templated":true}]}}